{"id":32,"date":"2023-04-22T15:07:39","date_gmt":"2023-04-22T15:07:39","guid":{"rendered":"https:\/\/sonderzeichen.com\/?post_type=product&#038;p=32"},"modified":"2025-12-03T11:54:01","modified_gmt":"2025-12-03T11:54:01","slug":"kyrillisch-hilfe-kyrillizacija","status":"publish","type":"product","link":"https:\/\/sonderzeichen.com\/?product=kyrillisch-hilfe-kyrillizacija","title":{"rendered":"Kyrillisch-Hilfe Kyrillizacija!"},"content":{"rendered":"<p><strong>Hilfe, Sonderzeichen! \u2013 Kyrillisch-Hilfe Kyrillizacija!<sup>\u00a9<\/sup><\/strong><\/p>\n<p><em>Ein Service von Sonderzeichenhilfe<\/em><\/p>\n<p>\u25cf Sie k\u00f6nnen Russisch, Ukrainisch, Bulgarisch oder eine andere osteurop\u00e4ische Sprache und beherrschen auf der deutschen Tastatur das Zehnfingersystem?<\/p>\n<p>\u25cf Doch wenn Ihre Gesch\u00e4ftspartner und Freunde aus Osteuropa eine E-Mail erwarten, dauert das Schreiben bei Ihnen wegen der kyrillischen Tastaturbelegung eine Ewigkeit?<\/p>\n<p><strong>Kyrillizacija!<\/strong> ist Ihre L\u00f6sung!<\/p>\n<p>Tippen Sie einfach wie gewohnt in <strong>lateinischen<\/strong> Buchstaben \u2013 das Programm \u00fcbertr\u00e4gt sie <strong>automatisch<\/strong> in <strong>kyrillische<\/strong>.<\/p>\n<p style=\"padding-left: 30px;\"><span style=\"text-decoration: underline;\">Beispiel:<\/span> Sie tippen <em>oblegchat&#8216;<\/em> und auf dem Bildschirm erscheint <em>\u043e\u0431\u043b\u0435\u0433\u0447\u0430\u0442\u044c<\/em>.<\/p>\n<p>F\u00fcr alle \u201eZischlaute\u201c und Extrabuchstaben gibt es leicht zu merkende Tastenkombinationen:<\/p>\n<p style=\"padding-left: 30px;\">\u0436\u00a0 \u0445\u00a0\u00a0 \u0447\u00a0 \u0448\u00a0 \u0449\u00a0\u00a0 \u044c \u044a \u044d\u00a0\u00a0 \u044e \u044f\u00a0 \u0451 \u2026<\/p>\n<p style=\"padding-left: 30px;\">zh kh ch sh shh &#8218; &#8220;\u00a0 eh ju ja jo<\/p>\n<p>Die <strong>T<\/strong>ranskriptions-Funktion l\u00e4sst sich durch <strong>Windows+T<\/strong> an- und ausschalten.<\/p>\n<p>So kann man schnell und bequem zwischen Latein und Kyrillisch wechseln, z.B. bei <strong>Skype<\/strong>.<\/p>\n<p style=\"padding-left: 30px;\"><span style=\"text-decoration: underline;\">Tipp:<\/span> Laden Sie das Programm auf einen USB-Stick und benutzen Sie es unterwegs, z.B. im Internetcaf\u00e9.<\/p>\n<p>Neben Russisch sind weitere Sprachen inklusive entsprechender Zusatzbuchstaben im Angebot:<\/p>\n<ul>\n<li style=\"padding-left: 30px;\"><strong>Bulgarisch<\/strong><\/li>\n<li style=\"padding-left: 30px;\"><strong>Ukrainisch<\/strong> (auf Wunsch mit russinischen Zusatzbuchstaben)<\/li>\n<li style=\"padding-left: 30px;\"><strong>Wei\u00dfrussisch<\/strong><\/li>\n<li style=\"padding-left: 30px;\"><strong>Serbisch\/Mazedonisch<\/strong><\/li>\n<li style=\"padding-left: 30px;\"><strong>Kasachisch<\/strong><\/li>\n<li style=\"padding-left: 30px;\"><strong>Kirgisisch\/Mongolisch<\/strong><\/li>\n<li style=\"padding-left: 30px;\"><strong>Altkirchenslawisch<\/strong> (bis Unicode 15)<\/li>\n<li style=\"padding-left: 30px;\"><strong>Glagolitisch<\/strong> (bis Unicode 15)<\/li>\n<\/ul>\n<p>Eine ausf\u00fchrliche Dokumentation finden Sie hier: <a href=\"https:\/\/sonderzeichen.com\/wp-content\/uploads\/2023\/04\/Bedienunganleitung-Kyrillizacija-Version-3.2.pdf\" target=\"_blank\" rel=\"noopener noreferrer\">Bedienungsanleitung<\/a><\/p>\n<p>Die Kosten f\u00fcr eine Lizenz richten sich nach der Anzahl der gew\u00fcnschten Sprachen (bei der Bestellung bitte angeben).<\/p>\n<p>Die Russisch-Version kostet 37 Euro.<\/p>\n<p>Das Programm kann bestellt werden unter <a href=\"mailto:info@sonderzeichenhilfe.de\" target=\"_blank\" rel=\"noopener noreferrer\">info@sonderzeichenhilfe.de<\/a>.<\/p>\n<p><span style=\"text-decoration: underline;\">Systemvoraussetzungen:<\/span> Betriebssystem Windows 2000\/XP\/7\/8\/10\/11.<\/p>\n<p><strong>Kyrillizacija!<\/strong> wird unter anderem verwendet von:<\/p>\n<table style=\"width: 643.2px;\">\n<tbody>\n<tr style=\"height: 15px;\">\n<td style=\"height: 15px; width: 271px; text-align: center;\">&lt; <img decoding=\"async\" src=\"images\/sampledata\/img\/U_Heidelberg.jpg\" alt=\"Ruprecht-Karls-Universit\u00e4t Heidelberg\" \/>&gt;<\/td>\n<td style=\"height: 15px; width: 312.2px;\">Slavisches Institut der Universit\u00e4t Heidelberg<\/td>\n<\/tr>\n<tr style=\"height: 15px;\">\n<td style=\"height: 15px; width: 271px; text-align: center;\">&lt;<img decoding=\"async\" src=\"images\/sampledata\/img\/unilogo-200x66.gif\" alt=\"Uni Freiburg\" \/>&gt;<\/td>\n<td style=\"height: 15px; width: 312.2px;\">Universit\u00e4t Freiburg, Slavisches Seminar<\/td>\n<\/tr>\n<tr style=\"height: 15px;\">\n<td style=\"height: 15px; width: 271px; text-align: center;\">\u00a0<img decoding=\"async\" src=\"images\/sampledata\/img\/top_logo2.jpg\" alt=\"\" \/><\/td>\n<td style=\"height: 15px; width: 312.2px;\">Eastblok Music<\/td>\n<\/tr>\n<tr style=\"height: 15px;\">\n<td style=\"height: 15px; width: 271px; text-align: center;\">\u00a0<img decoding=\"async\" src=\"images\/sampledata\/img\/memorial.jpg\" alt=\"\" \/><\/td>\n<td style=\"height: 15px; width: 312.2px;\">Memorial Deutschland e.V.<\/td>\n<\/tr>\n<tr style=\"height: 15px;\">\n<td style=\"height: 15px; width: 271px; text-align: center;\">\u00a0<img decoding=\"async\" src=\"images\/sampledata\/img\/header_logo_klein.gif\" alt=\"\" \/><\/td>\n<td style=\"height: 15px; width: 312.2px;\">Humboldt-Stiftung<\/td>\n<\/tr>\n<tr style=\"height: 15px;\">\n<td style=\"height: 15px; width: 271px; text-align: center;\">&lt;<img decoding=\"async\" src=\"images\/sampledata\/img\/Orell.jpg\" alt=\"Orell\" \/>&gt;<\/td>\n<td style=\"height: 15px; width: 312.2px;\">Orell F\u00fcssli Kartographie AG<\/td>\n<\/tr>\n<tr style=\"height: 15px;\">\n<td style=\"height: 15px; width: 271px; text-align: center;\"><\/td>\n<td style=\"height: 15px; width: 312.2px;\">European Standards Consulting<\/td>\n<\/tr>\n<\/tbody>\n<\/table>\n<p><strong>Kommentare zufriedener Kunden:<\/strong><\/p>\n<p>\u201eHerzlichen Dank f\u00fcr das Programm! Nach dieser mehrj\u00e4hrigen Pause muss ich wieder feststellen, dass das Programm recht fantastisch ist. Ich bin wirklich \u00fcbergl\u00fccklich, dass ich wieder die AKS Zeichen benutzen darf!\u201c<\/p>\n<p>\u201eDein Programm ist der Hit! Ich habe bisher mit einem anderen Programm die Tastaturbelegung lateinisch angepasst, aber deines ist viel besser. Erstens ist es viel leichter zu installieren, zweitens sind nun alle kyrillischen Buchstaben \u00fcber die lateinische Tastatur erreichbar und drittens hast Du auch die ukrainischen Zeichen dabei, die ich st\u00e4ndig brauche. Danke und gro\u00dfes Lob aus Kiew!\u201c<\/p>\n<p>\u201eDein Programm kommt wie gerufen, da ich gerade eine russische Zusammenfassung meiner Diplomarbeit schreibe und mit der kyrillischen Tastatur nicht sehr vertraut bin.\u201c<\/p>\n<p>\u201eGro\u00dfes Lob weiterhin f\u00fcr die Schaffung eines solchen multilingualen Programms, was einem vor allem den Zeitaufwand erspart. Der \u00dcbergang von einer Sprache in die n\u00e4chste funktioniert einfach wunderbar.\u201c<\/p>\n<p>\u201eWir verwenden mit gro\u00dfem Gewinn Ihre Kyrillizacija.\u201c<\/p>\n<p>\u201eHaben Sie nochmals herzlichen Dank f\u00fcr Ihre tollen Tools, die uns das Leben entschieden einfacher machen k\u00f6nnen.\u201c<\/p>\n<p>\u201eIch verleihe dir hiermit (unbekannterweise) den Ehrentitel &#8222;Held der Arbeit&#8220;! Vielen Dank f\u00fcr dein Kyrillisch-Programm!\u201c<\/p>\n<p>\u201e\u0421\u0423\u041f\u0415\u0420!!! \ud83d\ude09 Toll!\u201c<\/p>\n<p>\u201e\u041f\u0440\u0438\u0432\u0435\u0442! \u0420\u0430\u0431\u043e\u0442\u0430\u0435\u0442! \u0415\u0442\u043e \u043e\u0442\u0448\u0435\u043d \u0445\u0430\u0440\u0430\u0448\u043e! \u0421\u043f\u043e\u0441\u0438\u0431\u043e! Nur die richtigen Zischlaute muss ich noch rausfinden. Herzlichen Dank! Das ist wirklich super!\u201c<\/p>\n<p>\u201eDein Programm ist wirklich eine gro\u00dfe Hilfe. Einfach gut. Vielen, vielen Dank!\u201c<\/p>\n<p>\u201eSuper Programm, wirklich toll!\u201c<\/p>\n<p>&nbsp;<\/p>\n<div id=\"ConnectiveDocSignExtentionInstalled\" data-extension-version=\"1.0.4\"><\/div>\n<div id=\"ConnectiveDocSignExtentionInstalled\" data-extension-version=\"1.0.4\"><\/div>\n","protected":false},"excerpt":{"rendered":"<p>&nbsp;<\/p>\n<div id=\"ConnectiveDocSignExtentionInstalled\" data-extension-version=\"1.0.4\"><\/div>\n","protected":false},"featured_media":41,"comment_status":"open","ping_status":"closed","template":"","meta":[],"product_brand":[],"product_cat":[17],"product_tag":[],"class_list":{"0":"post-32","1":"product","2":"type-product","3":"status-publish","4":"has-post-thumbnail","6":"product_cat-software","8":"first","9":"instock","10":"virtual","11":"product-type-simple"},"_links":{"self":[{"href":"https:\/\/sonderzeichen.com\/index.php?rest_route=\/wp\/v2\/product\/32","targetHints":{"allow":["GET"]}}],"collection":[{"href":"https:\/\/sonderzeichen.com\/index.php?rest_route=\/wp\/v2\/product"}],"about":[{"href":"https:\/\/sonderzeichen.com\/index.php?rest_route=\/wp\/v2\/types\/product"}],"replies":[{"embeddable":true,"href":"https:\/\/sonderzeichen.com\/index.php?rest_route=%2Fwp%2Fv2%2Fcomments&post=32"}],"wp:featuredmedia":[{"embeddable":true,"href":"https:\/\/sonderzeichen.com\/index.php?rest_route=\/wp\/v2\/media\/41"}],"wp:attachment":[{"href":"https:\/\/sonderzeichen.com\/index.php?rest_route=%2Fwp%2Fv2%2Fmedia&parent=32"}],"wp:term":[{"taxonomy":"product_brand","embeddable":true,"href":"https:\/\/sonderzeichen.com\/index.php?rest_route=%2Fwp%2Fv2%2Fproduct_brand&post=32"},{"taxonomy":"product_cat","embeddable":true,"href":"https:\/\/sonderzeichen.com\/index.php?rest_route=%2Fwp%2Fv2%2Fproduct_cat&post=32"},{"taxonomy":"product_tag","embeddable":true,"href":"https:\/\/sonderzeichen.com\/index.php?rest_route=%2Fwp%2Fv2%2Fproduct_tag&post=32"}],"curies":[{"name":"wp","href":"https:\/\/api.w.org\/{rel}","templated":true}]}}