{"id":4,"date":"2023-04-22T13:50:08","date_gmt":"2023-04-22T13:50:08","guid":{"rendered":"https:\/\/sonderzeichen.com\/?page_id=4"},"modified":"2023-05-06T19:44:30","modified_gmt":"2023-05-06T19:44:30","slug":"willkommen-auf-https-sonderzeichen-com","status":"publish","type":"page","link":"https:\/\/sonderzeichen.com\/","title":{"rendered":"Willkommen auf sonderzeichen.com"},"content":{"rendered":"\n<p>&gt;&gt;&gt; Ich habe Probleme mit meiner Datenbank. Bitte kontaktieren Sie mich unter: <mark style=\"background-color:rgba(0, 0, 0, 0)\" class=\"has-inline-color has-vivid-green-cyan-color\">info@sonderzeichenhilfe.de<\/mark> &lt;&lt;&lt;<\/p>\n\n\n\n<h2 class=\"wp-block-heading\">Hilfe, Sonderzeichen! \u2013 \u00dcbersicht<\/h2>\n\n\n\n<h3 class=\"wp-block-heading\">\u0160ibboleth<\/h3>\n\n\n\n<p>Warum \u201eHilfe\u201c?<\/p>\n\n\n\n<p>Viele Sonderzeichen sind nicht auf den physischen Tastaturen vorhanden.<\/p>\n\n\n\n<p>Deswegen habe ich eine <strong>Software<\/strong> entwickelt, die Sonderzeichen aus ASCII-Zeichen, d.h. aus Zeichen, die wirklich auf <em>jeder<\/em> Tastatur vorhanden sind, intuitiv zusammensetzt.<\/p>\n\n\n\n<p>Kein Herumgesuche in Zahlentabellen und dergleichen.<\/p>\n\n\n\n<blockquote class=\"wp-block-quote is-layout-flow wp-block-quote-is-layout-flow\">\n<p><strong>Interessiert?<\/strong> \u2192 <a href=\"https:\/\/sonderzeichen.com\/?product=sonderzeichenhilfe-sibboleth\" target=\"_blank\" rel=\"noreferrer noopener\">Sonderzeichenhilfe \u201e\u0160ibboleth\u201c<\/a><\/p>\n<\/blockquote>\n\n\n\n<h3 class=\"wp-block-heading\">Kyrillizacija!<\/h3>\n\n\n\n<blockquote class=\"wp-block-quote is-layout-flow wp-block-quote-is-layout-flow\">\n<p>\u00dcbrigens habe ich auch eine <strong><a href=\"https:\/\/sonderzeichen.com\/?product=kyrillisch-hilfe-kyrillizacija\" target=\"_blank\" rel=\"noreferrer noopener\">Kyrillisch-Hilfe<\/a><\/strong> entwickelt (f\u00fcr Leute, die gerne weiter die gewohnte deutsche Tastatur benutzen wollen).<\/p>\n<\/blockquote>\n\n\n\n<h3 class=\"wp-block-heading\">Buch<\/h3>\n\n\n\n<p>Wer richtig in das Thema Sonderzeichen einsteigen will, dem empfehle ich mein Buch:<\/p>\n\n\n\n<blockquote class=\"wp-block-quote is-layout-flow wp-block-quote-is-layout-flow\">\n<p><a href=\"https:\/\/www.ibidem.eu\/en\/fachgebiete\/gesellschaft-politik\/politikwissenschaften\/setting-signs-for-europe-9783838206639.html\">Setting Signs for Europe \/<\/a><a rel=\"noreferrer noopener\" href=\"https:\/\/www.ibidem.eu\/de\/setting-signs-for-europe.html\" target=\"_blank\"> Why Diacritics Matter for European Integration<\/a> \u2192<a rel=\"noreferrer noopener\" href=\"https:\/\/www.ibidem.eu\/media\/catalog\/product\/9\/7\/9783838206639_inhaltsverzeichnis_4.pdf\" target=\"_blank\"> Inhaltsverzeichnis<\/a><\/p>\n<\/blockquote>\n\n\n\n<h3 class=\"wp-block-heading\">Mehr<\/h3>\n\n\n\n<p>Wie f\u00fcge ich polnische Sonderzeichen in meine Hausarbeit \u00fcber Wa\u0142\u0119sa und die Solidarno\u015b\u0107 ein?<\/p>\n\n\n\n<p>Warum bekomme ich manchmal E-Mails mit so komischen Zeichen? (<a href=\"index.php?option=com_content&amp;view=article&amp;id=21&amp;catid=8&amp;lang=de-DE&amp;Itemid=101\">Sch\u00c3\u00b6ne Gr\u00c3\u00bc\u00c3\u0178e<\/a>)<br><br>Warum steht in meinem Personalausweis Fran<strong>c<\/strong>ois, obwohl ich Fran<strong>\u00e7<\/strong>ois hei\u00dfe?<br><br><strong>Hier finden Sie alles Wissenswerte \u00fcber den Umgang mit lateinischen Sonderzeichen!<\/strong><\/p>\n\n\n\n<p><a href=\"index.php?option=com_content&amp;view=article&amp;id=8&amp;catid=8&amp;lang=de-DE&amp;Itemid=101\">kulturell<\/a> \u2013 <a href=\"index.php?option=com_content&amp;view=article&amp;id=18&amp;catid=8&amp;lang=de-DE&amp;Itemid=101\">technisch<\/a> \u2013 <a href=\"index.php?option=com_content&amp;view=article&amp;id=32&amp;catid=8&amp;lang=de-DE&amp;Itemid=101\">rechtlich<\/a><\/p>\n\n\n\n<p>twitter: <a rel=\"noreferrer noopener\" href=\"https:\/\/twitter.com\/SpecialXaracter\" target=\"_blank\">@SpecialXaracter<\/a> \/ facebook: <a rel=\"noreferrer noopener\" href=\"https:\/\/www.facebook.com\/How-to-use-diacritics-129674670715449\" target=\"_blank\">How to use diacritics<\/a><\/p>\n\n\n\n<p><a href=\"index.php?option=com_content&amp;view=article&amp;id=9&amp;catid=8&amp;lang=de-DE&amp;Itemid=101\">Impressum<\/a><\/p>\n","protected":false},"excerpt":{"rendered":"<p>&gt;&gt;&gt; Ich habe Probleme mit meiner Datenbank. Bitte kontaktieren Sie mich unter: info@sonderzeichenhilfe.de &lt;&lt;&lt; Hilfe, Sonderzeichen! \u2013 \u00dcbersicht \u0160ibboleth Warum \u201eHilfe\u201c? Viele Sonderzeichen sind nicht auf den physischen Tastaturen vorhanden. Deswegen habe ich eine Software entwickelt, die Sonderzeichen aus ASCII-Zeichen, d.h. aus Zeichen, die wirklich auf jeder Tastatur vorhanden sind, intuitiv zusammensetzt. Kein Herumgesuche in Zahlentabellen und dergleichen. Interessiert? \u2192 Sonderzeichenhilfe \u201e\u0160ibboleth\u201c Kyrillizacija! \u00dcbrigens habe ich auch eine Kyrillisch-Hilfe entwickelt (f\u00fcr Leute, die gerne weiter die gewohnte deutsche Tastatur benutzen wollen). Buch Wer richtig in das Thema Sonderzeichen einsteigen will, dem empfehle ich mein Buch: Setting Signs for Europe \/ Why Diacritics Matter for European Integration \u2192 Inhaltsverzeichnis Mehr Wie&hellip; <a class=\"read-more\" href=\"https:\/\/sonderzeichen.com\/\">Mehr Lesen<\/a><\/p>\n","protected":false},"author":1,"featured_media":0,"parent":0,"menu_order":0,"comment_status":"closed","ping_status":"open","template":"","meta":{"footnotes":""},"class_list":["post-4","page","type-page","status-publish","hentry"],"_links":{"self":[{"href":"https:\/\/sonderzeichen.com\/index.php?rest_route=\/wp\/v2\/pages\/4","targetHints":{"allow":["GET"]}}],"collection":[{"href":"https:\/\/sonderzeichen.com\/index.php?rest_route=\/wp\/v2\/pages"}],"about":[{"href":"https:\/\/sonderzeichen.com\/index.php?rest_route=\/wp\/v2\/types\/page"}],"author":[{"embeddable":true,"href":"https:\/\/sonderzeichen.com\/index.php?rest_route=\/wp\/v2\/users\/1"}],"replies":[{"embeddable":true,"href":"https:\/\/sonderzeichen.com\/index.php?rest_route=%2Fwp%2Fv2%2Fcomments&post=4"}],"version-history":[{"count":20,"href":"https:\/\/sonderzeichen.com\/index.php?rest_route=\/wp\/v2\/pages\/4\/revisions"}],"predecessor-version":[{"id":49,"href":"https:\/\/sonderzeichen.com\/index.php?rest_route=\/wp\/v2\/pages\/4\/revisions\/49"}],"wp:attachment":[{"href":"https:\/\/sonderzeichen.com\/index.php?rest_route=%2Fwp%2Fv2%2Fmedia&parent=4"}],"curies":[{"name":"wp","href":"https:\/\/api.w.org\/{rel}","templated":true}]}}